{"id":1162,"date":"2012-08-08T11:36:31","date_gmt":"2012-08-08T11:36:31","guid":{"rendered":"http:\/\/primefood.ee\/marchi\/maltagliati\/"},"modified":"2012-09-05T12:09:25","modified_gmt":"2012-09-05T12:09:25","slug":"maltagliati","status":"publish","type":"page","link":"https:\/\/primefood.ee\/it\/marchi\/maltagliati\/","title":{"rendered":"Maltagliati"},"content":{"rendered":"<p>Per molto tempo eravamo alla ricerca di un produttore affidabile di pasta italiana di qualit\u00e0 alta.<\/p>\n<p>Dopo aver scelto il marchio Maltagliati non ne siamo mai rammaricati.<\/p>\n<p>Forniamo pi\u00f9 di venti formati di pasta Maltagliati al mercato estone e possiamo garantire qualit\u00e0<\/p>\n<p>e prezzi migliori della pasta.<\/p>\n<p>Guardate <a href=\"#\">la nostra scelta di pasta Maltagliati <\/a>\u00a0o visitate il sito ufficiale di Maltagliati:<\/p>\n<p><a href=\"http:\/\/www.pastamaltagliati.it\/\" rel=\"nofollow\">http:\/\/www.pastamaltagliati.it\/<\/a><\/p>\n<p><img loading=\"lazy\" decoding=\"async\" class=\"alignnone size-full wp-image-1115\" title=\"Pasta Maltagliati\" src=\"https:\/\/primefood.ee\/wp-content\/uploads\/2012\/08\/maltagliati_pasta_mood.png\" alt=\"Pasta Maltagliati\" width=\"720\" height=\"144\" srcset=\"https:\/\/primefood.ee\/wp-content\/uploads\/2012\/08\/maltagliati_pasta_mood.png 740w, https:\/\/primefood.ee\/wp-content\/uploads\/2012\/08\/maltagliati_pasta_mood-300x60.png 300w\" sizes=\"auto, (max-width: 720px) 100vw, 720px\" \/><\/p>\n","protected":false},"excerpt":{"rendered":"<p>Per molto tempo eravamo alla ricerca di un produttore affidabile di pasta italiana di qualit\u00e0 alta. Dopo aver scelto il marchio Maltagliati non ne siamo mai rammaricati. Forniamo pi\u00f9 di venti formati di pasta Maltagliati al mercato estone e possiamo garantire qualit\u00e0 e prezzi migliori della pasta. Guardate la nostra scelta di pasta Maltagliati \u00a0o [&hellip;]<\/p>\n","protected":false},"author":1,"featured_media":0,"parent":1157,"menu_order":2,"comment_status":"open","ping_status":"open","template":"page-full.php","meta":{"footnotes":""},"class_list":["post-1162","page","type-page","status-publish","hentry"],"aioseo_notices":[],"_links":{"self":[{"href":"https:\/\/primefood.ee\/it\/wp-json\/wp\/v2\/pages\/1162","targetHints":{"allow":["GET"]}}],"collection":[{"href":"https:\/\/primefood.ee\/it\/wp-json\/wp\/v2\/pages"}],"about":[{"href":"https:\/\/primefood.ee\/it\/wp-json\/wp\/v2\/types\/page"}],"author":[{"embeddable":true,"href":"https:\/\/primefood.ee\/it\/wp-json\/wp\/v2\/users\/1"}],"replies":[{"embeddable":true,"href":"https:\/\/primefood.ee\/it\/wp-json\/wp\/v2\/comments?post=1162"}],"version-history":[{"count":8,"href":"https:\/\/primefood.ee\/it\/wp-json\/wp\/v2\/pages\/1162\/revisions"}],"predecessor-version":[{"id":1305,"href":"https:\/\/primefood.ee\/it\/wp-json\/wp\/v2\/pages\/1162\/revisions\/1305"}],"up":[{"embeddable":true,"href":"https:\/\/primefood.ee\/it\/wp-json\/wp\/v2\/pages\/1157"}],"wp:attachment":[{"href":"https:\/\/primefood.ee\/it\/wp-json\/wp\/v2\/media?parent=1162"}],"curies":[{"name":"wp","href":"https:\/\/api.w.org\/{rel}","templated":true}]}}