{"id":1011,"date":"2012-08-21T07:24:58","date_gmt":"2012-08-21T07:24:58","guid":{"rendered":"http:\/\/primefood.ee\/?page_id=1011"},"modified":"2020-05-25T07:37:16","modified_gmt":"2020-05-25T07:37:16","slug":"dove-siamo","status":"publish","type":"page","link":"https:\/\/primefood.ee\/it\/azienda\/dove-siamo\/","title":{"rendered":"Dove siamo"},"content":{"rendered":"<p>Nel nostro magazzino potete comprare prodotti in qualsiasi quantit\u00e0 per il vostro business.<\/p>\n<p>Benvenuti nel nostro magazzino dal luned\u00ec al venerd\u00ec <strong>09:00<\/strong>\u00a0&#8211;\u00a0<strong>17:00!<\/strong><\/p>\n<p><iframe loading=\"lazy\" src=\"https:\/\/mapsengine.google.com\/map\/u\/0\/embed?mid=zWqd5QZ4MTMs.kBSVURb43Bzw\" width=\"640\" height=\"480\"><\/iframe><\/p>\n","protected":false},"excerpt":{"rendered":"<p>Nel nostro magazzino potete comprare prodotti in qualsiasi quantit\u00e0 per il vostro business. Benvenuti nel nostro magazzino dal luned\u00ec al venerd\u00ec 09:00\u00a0&#8211;\u00a017:00!<\/p>\n","protected":false},"author":1,"featured_media":0,"parent":5,"menu_order":1,"comment_status":"open","ping_status":"open","template":"","meta":{"footnotes":""},"class_list":["post-1011","page","type-page","status-publish","hentry"],"aioseo_notices":[],"_links":{"self":[{"href":"https:\/\/primefood.ee\/it\/wp-json\/wp\/v2\/pages\/1011","targetHints":{"allow":["GET"]}}],"collection":[{"href":"https:\/\/primefood.ee\/it\/wp-json\/wp\/v2\/pages"}],"about":[{"href":"https:\/\/primefood.ee\/it\/wp-json\/wp\/v2\/types\/page"}],"author":[{"embeddable":true,"href":"https:\/\/primefood.ee\/it\/wp-json\/wp\/v2\/users\/1"}],"replies":[{"embeddable":true,"href":"https:\/\/primefood.ee\/it\/wp-json\/wp\/v2\/comments?post=1011"}],"version-history":[{"count":5,"href":"https:\/\/primefood.ee\/it\/wp-json\/wp\/v2\/pages\/1011\/revisions"}],"predecessor-version":[{"id":4854,"href":"https:\/\/primefood.ee\/it\/wp-json\/wp\/v2\/pages\/1011\/revisions\/4854"}],"up":[{"embeddable":true,"href":"https:\/\/primefood.ee\/it\/wp-json\/wp\/v2\/pages\/5"}],"wp:attachment":[{"href":"https:\/\/primefood.ee\/it\/wp-json\/wp\/v2\/media?parent=1011"}],"curies":[{"name":"wp","href":"https:\/\/api.w.org\/{rel}","templated":true}]}}